{"id":5,"date":"2024-09-24T18:22:34","date_gmt":"2024-09-24T18:22:34","guid":{"rendered":"https:\/\/www.day-2-day-goods.com\/?page_id=5"},"modified":"2024-09-25T19:26:22","modified_gmt":"2024-09-25T19:26:22","slug":"about","status":"publish","type":"page","link":"https:\/\/day-2-day-goods.com\/es\/about","title":{"rendered":"Acerca de nosotros"},"content":{"rendered":"<div class=\"wp-block-group alignwide is-layout-constrained wp-block-group-is-layout-constrained\">\n<div class=\"wp-block-columns alignwide is-layout-flex wp-container-core-columns-is-layout-28f84493 wp-block-columns-is-layout-flex\">\n<div class=\"wp-block-column is-layout-flow wp-block-column-is-layout-flow\">\n<h2 class=\"wp-block-heading has-text-align-left\" style=\"padding-top:0;padding-right:var(--wp--preset--spacing--60);padding-bottom:0;padding-left:var(--wp--preset--spacing--60)\">Inspirado en el hogar<\/h2>\n<\/div>\n<\/div>\n\n\n\n<div class=\"wp-block-columns alignwide is-layout-flex wp-container-core-columns-is-layout-28f84493 wp-block-columns-is-layout-flex\">\n<div class=\"wp-block-column is-layout-flow wp-block-column-is-layout-flow\" style=\"padding-right:var(--wp--preset--spacing--60);padding-left:var(--wp--preset--spacing--60)\">\n<p style=\"padding-top:0;padding-right:0;padding-bottom:0;padding-left:0\">Primero aprend\u00ed a cocinar hablando con mi mam\u00e1 por tel\u00e9fono desde Manhattan. Me hab\u00eda mudado all\u00ed desde un peque\u00f1o pueblo del sur de Texas para obtener mi maestr\u00eda, y esa era la primera vez que estaba tan lejos de mi hogar y solo.<\/p>\n\n\n\n<p>Pronto me di cuenta de que no pod\u00eda encontrar algunos productos de los que ella mencionaba en sus recetas. Estos productos eran ingredientes clave para que la comida supiera como en mi hogar natal. <\/p>\n<\/div>\n\n\n\n<div class=\"wp-block-column is-vertically-aligned-top is-layout-flow wp-block-column-is-layout-flow\" style=\"padding-right:var(--wp--preset--spacing--60);padding-left:var(--wp--preset--spacing--60)\">\n<p>Quer\u00eda asegurarse de que nadie se encontrara con una situaci\u00f3n similar sin apoyo. Aqu\u00ed naci\u00f3 Day-2-Day Goods. Un pensamiento en un viaje en el metro hasta la tienda de abarrotes del Upper West Side.<\/p>\n\n\n\n<p>Ahora, vivo en Austin, TX, y sigo llevando el sabor del hogar a donde se necesite.<\/p>\n<\/div>\n<\/div>\n<\/div>\n\n\n\n<div style=\"height:65px\" aria-hidden=\"true\" class=\"wp-block-spacer\"><\/div>\n\n\n\n<div class=\"wp-block-cover alignfull\" style=\"padding-top:var(--wp--preset--spacing--70);padding-bottom:var(--wp--preset--spacing--70);min-height:432px;aspect-ratio:unset;\"><span aria-hidden=\"true\" class=\"wp-block-cover__background has-raft-bg-inv-background-color has-background-dim-80 has-background-dim\"><\/span><img loading=\"lazy\" decoding=\"async\" width=\"1920\" height=\"2560\" class=\"wp-block-cover__image-background wp-image-151\" alt=\"\" src=\"https:\/\/www.day-2-day-goods.com\/wp-content\/uploads\/2024\/09\/about_bg.jpg\" style=\"object-position:50% 27%\" data-object-fit=\"cover\" data-object-position=\"50% 27%\" srcset=\"https:\/\/day-2-day-goods.com\/wp-content\/uploads\/2024\/09\/about_bg.jpg 1920w, https:\/\/day-2-day-goods.com\/wp-content\/uploads\/2024\/09\/about_bg-225x300.jpg 225w, https:\/\/day-2-day-goods.com\/wp-content\/uploads\/2024\/09\/about_bg-768x1024.jpg 768w, https:\/\/day-2-day-goods.com\/wp-content\/uploads\/2024\/09\/about_bg-1152x1536.jpg 1152w, https:\/\/day-2-day-goods.com\/wp-content\/uploads\/2024\/09\/about_bg-1536x2048.jpg 1536w\" sizes=\"auto, (max-width: 1920px) 100vw, 1920px\" \/><div class=\"wp-block-cover__inner-container is-layout-constrained wp-block-cover-is-layout-constrained\">\n<h2 class=\"wp-block-heading alignwide has-text-align-center\">Declaraci\u00f3n de misi\u00f3n<\/h2>\n\n\n\n<p class=\"has-text-align-center\">Importamos productos de todo el mundo, que le ayudan a sentirte como en su hogar natal y los tenemos disponibles a trav\u00e9s de Amazon Prime.<\/p>\n<\/div><\/div>\n\n\n\n<p><\/p>","protected":false},"excerpt":{"rendered":"<p>Inspired by Home I first learned how to cook while talking to my mom on the phone from Manhattan. I had moved there from a small town in South Texas to pursue my Master&#8217;s degree, and it was the first time I was far from home and on my own. Before long, I realized I [&hellip;]<\/p>","protected":false},"author":1,"featured_media":0,"parent":0,"menu_order":0,"comment_status":"closed","ping_status":"closed","template":"blank","meta":{"advanced_seo_description":"","jetpack_seo_html_title":"","jetpack_seo_noindex":false,"footnotes":""},"class_list":["post-5","page","type-page","status-publish","hentry"],"_links":{"self":[{"href":"https:\/\/day-2-day-goods.com\/es\/wp-json\/wp\/v2\/pages\/5","targetHints":{"allow":["GET"]}}],"collection":[{"href":"https:\/\/day-2-day-goods.com\/es\/wp-json\/wp\/v2\/pages"}],"about":[{"href":"https:\/\/day-2-day-goods.com\/es\/wp-json\/wp\/v2\/types\/page"}],"author":[{"embeddable":true,"href":"https:\/\/day-2-day-goods.com\/es\/wp-json\/wp\/v2\/users\/1"}],"replies":[{"embeddable":true,"href":"https:\/\/day-2-day-goods.com\/es\/wp-json\/wp\/v2\/comments?post=5"}],"version-history":[{"count":18,"href":"https:\/\/day-2-day-goods.com\/es\/wp-json\/wp\/v2\/pages\/5\/revisions"}],"predecessor-version":[{"id":250,"href":"https:\/\/day-2-day-goods.com\/es\/wp-json\/wp\/v2\/pages\/5\/revisions\/250"}],"wp:attachment":[{"href":"https:\/\/day-2-day-goods.com\/es\/wp-json\/wp\/v2\/media?parent=5"}],"curies":[{"name":"wp","href":"https:\/\/api.w.org\/{rel}","templated":true}]}}