{"id":6,"date":"2024-09-22T22:14:52","date_gmt":"2024-09-22T22:14:52","guid":{"rendered":"https:\/\/www.day-2-day-goods.com\/?page_id=6"},"modified":"2024-11-23T20:05:27","modified_gmt":"2024-11-23T20:05:27","slug":"contact","status":"publish","type":"page","link":"https:\/\/day-2-day-goods.com\/es\/contact","title":{"rendered":"Contacto"},"content":{"rendered":"<p>Ya sea que tenga una pregunta, necesite ayuda o quiera recomendar un producto que a\u00fan no vendemos, estamos aqu\u00ed para apoyar. Rellene el formulario y nuestro equipo se pondr\u00e1 en contacto con usted lo antes posible.<\/p>\n\n\n<style id=\"wpforms-css-vars-root\">\n\t\t\t\t:root {\n\t\t\t\t\t--wpforms-field-border-radius: 3px;\n--wpforms-field-border-style: solid;\n--wpforms-field-border-size: 1px;\n--wpforms-field-background-color: #ffffff;\n--wpforms-field-border-color: rgba( 0, 0, 0, 0.25 );\n--wpforms-field-border-color-spare: rgba( 0, 0, 0, 0.25 );\n--wpforms-field-text-color: rgba( 0, 0, 0, 0.7 );\n--wpforms-field-menu-color: #ffffff;\n--wpforms-label-color: rgba( 0, 0, 0, 0.85 );\n--wpforms-label-sublabel-color: rgba( 0, 0, 0, 0.55 );\n--wpforms-label-error-color: #d63637;\n--wpforms-button-border-radius: 3px;\n--wpforms-button-border-style: none;\n--wpforms-button-border-size: 1px;\n--wpforms-button-background-color: #066aab;\n--wpforms-button-border-color: #066aab;\n--wpforms-button-text-color: #ffffff;\n--wpforms-page-break-color: #066aab;\n--wpforms-background-image: none;\n--wpforms-background-position: center center;\n--wpforms-background-repeat: no-repeat;\n--wpforms-background-size: cover;\n--wpforms-background-width: 100px;\n--wpforms-background-height: 100px;\n--wpforms-background-color: rgba( 0, 0, 0, 0 );\n--wpforms-background-url: none;\n--wpforms-container-padding: 0px;\n--wpforms-container-border-style: none;\n--wpforms-container-border-width: 1px;\n--wpforms-container-border-color: #000000;\n--wpforms-container-border-radius: 3px;\n--wpforms-field-size-input-height: 43px;\n--wpforms-field-size-input-spacing: 15px;\n--wpforms-field-size-font-size: 16px;\n--wpforms-field-size-line-height: 19px;\n--wpforms-field-size-padding-h: 14px;\n--wpforms-field-size-checkbox-size: 16px;\n--wpforms-field-size-sublabel-spacing: 5px;\n--wpforms-field-size-icon-size: 1;\n--wpforms-label-size-font-size: 16px;\n--wpforms-label-size-line-height: 19px;\n--wpforms-label-size-sublabel-font-size: 14px;\n--wpforms-label-size-sublabel-line-height: 17px;\n--wpforms-button-size-font-size: 17px;\n--wpforms-button-size-height: 41px;\n--wpforms-button-size-padding-h: 15px;\n--wpforms-button-size-margin-top: 10px;\n--wpforms-container-shadow-size-box-shadow: none;\n\n\t\t\t\t}\n\t\t\t<\/style><style id=\"wpforms-css-vars-84-block-055d1911-0779-4747-846a-a37d1052a4d2\">\n\t\t\t\t#wpforms-84.wpforms-block-055d1911-0779-4747-846a-a37d1052a4d2 {\n\t\t\t\t\t--wpforms-button-background-color: #5e8a40;\n--wpforms-field-size-input-height: 43px;\n--wpforms-field-size-input-spacing: 15px;\n--wpforms-field-size-font-size: 16px;\n--wpforms-field-size-line-height: 19px;\n--wpforms-field-size-padding-h: 14px;\n--wpforms-field-size-checkbox-size: 16px;\n--wpforms-field-size-sublabel-spacing: 5px;\n--wpforms-field-size-icon-size: 1;\n--wpforms-label-size-font-size: 16px;\n--wpforms-label-size-line-height: 19px;\n--wpforms-label-size-sublabel-font-size: 14px;\n--wpforms-label-size-sublabel-line-height: 17px;\n--wpforms-button-size-font-size: 17px;\n--wpforms-button-size-height: 41px;\n--wpforms-button-size-padding-h: 15px;\n--wpforms-button-size-margin-top: 10px;\n\n\t\t\t\t}\n\t\t\t<\/style><div class=\"wpforms-container wpforms-container-full wpforms-block wpforms-block-055d1911-0779-4747-846a-a37d1052a4d2 wpforms-render-modern\" id=\"wpforms-84\"><form id=\"wpforms-form-84\" class=\"wpforms-validate wpforms-form wpforms-ajax-form\" data-formid=\"84\" method=\"post\" enctype=\"multipart\/form-data\" action=\"\/wp-json\/wp\/v2\/pages\/6\" data-token=\"3678ae94857401264431688695fa624d\" data-token-time=\"1777671243\" data-trp-original-action=\"\/es\/wp-json\/wp\/v2\/pages\/6\"><noscript class=\"wpforms-error-noscript\">Por favor, activa JavaScript en tu navegador para completar este formulario.<\/noscript><div class=\"wpforms-hidden\" id=\"wpforms-error-noscript\">Por favor, activa JavaScript en tu navegador para completar este formulario.<\/div><div class=\"wpforms-field-container\"><div id=\"wpforms-84-field_1-container\" class=\"wpforms-field wpforms-field-name\" data-field-id=\"1\"><label class=\"wpforms-field-label\" for=\"wpforms-84-field_1\">Nombre <span class=\"wpforms-required-label\" aria-hidden=\"true\">*<\/span><\/label><input type=\"text\" id=\"wpforms-84-field_1\" class=\"wpforms-field-medium wpforms-field-required\" name=\"wpforms[fields][1]\" placeholder=\"Nombre y apellido\" aria-errormessage=\"wpforms-84-field_1-error\" required><\/div><div id=\"wpforms-84-field_2-container\" class=\"wpforms-field wpforms-field-email\" data-field-id=\"2\"><label class=\"wpforms-field-label\" for=\"wpforms-84-field_2\">Correo electr\u00f3nico (E-Mail) <span class=\"wpforms-required-label\" aria-hidden=\"true\">*<\/span><\/label><input type=\"email\" id=\"wpforms-84-field_2\" class=\"wpforms-field-medium wpforms-field-required\" name=\"wpforms[fields][2]\" placeholder=\"nombre@ejemplo.com\" spellcheck=\"false\" aria-errormessage=\"wpforms-84-field_2-error\" required><\/div><div id=\"wpforms-84-field_6-container\" class=\"wpforms-field wpforms-field-radio wpforms-list-2-columns\" data-field-id=\"6\"><fieldset><legend class=\"wpforms-field-label\">Tipo de mensaje <span class=\"wpforms-required-label\" aria-hidden=\"true\">*<\/span><\/legend><ul id=\"wpforms-84-field_6\" class=\"wpforms-field-required\"><li class=\"choice-1 depth-1\"><input type=\"radio\" id=\"wpforms-84-field_6_1\" name=\"wpforms[fields][6]\" value=\"General Inquiry\" aria-errormessage=\"wpforms-84-field_6_1-error\" required><label class=\"wpforms-field-label-inline\" for=\"wpforms-84-field_6_1\">Pregunta general<\/label><\/li><li class=\"choice-2 depth-1\"><input type=\"radio\" id=\"wpforms-84-field_6_2\" name=\"wpforms[fields][6]\" value=\"Recommend a Product\" aria-errormessage=\"wpforms-84-field_6_2-error\" required><label class=\"wpforms-field-label-inline\" for=\"wpforms-84-field_6_2\">Recomendar un producto<\/label><\/li><\/ul><\/fieldset><\/div><div id=\"wpforms-84-field_5-container\" class=\"wpforms-field wpforms-field-textarea\" data-field-id=\"5\"><label class=\"wpforms-field-label\" for=\"wpforms-84-field_5\">Mensaje<\/label><textarea id=\"wpforms-84-field_5\" class=\"wpforms-field-medium wpforms-limit-characters-enabled\" data-form-id=\"84\" data-field-id=\"5\" data-text-limit=\"240\" name=\"wpforms[fields][5]\" placeholder=\"Ingrese el mensaje y\/o recomendaci\u00f3n aqu\u00ed. \" aria-errormessage=\"wpforms-84-field_5-error\" maxlength=\"240\" ><\/textarea><\/div><\/div><!-- .wpforms-field-container --><div class=\"wpforms-submit-container\" ><input type=\"hidden\" name=\"wpforms[id]\" value=\"84\"><input type=\"hidden\" name=\"page_title\" value=\"\"><input type=\"hidden\" name=\"page_url\" value=\"https:\/\/day-2-day-goods.com\/es\/wp-json\/wp\/v2\/pages\/6\"><button type=\"submit\" name=\"wpforms[submit]\" id=\"wpforms-submit-84\" class=\"wpforms-submit\" data-alt-text=\"Sending...\" data-submit-text=\"Submit\" aria-live=\"assertive\" value=\"wpforms-submit\">Enviar<\/button><img loading=\"lazy\" decoding=\"async\" src=\"https:\/\/day-2-day-goods.com\/wp-content\/plugins\/wpforms-lite\/assets\/images\/submit-spin.svg\" class=\"wpforms-submit-spinner\" style=\"display: none;\" width=\"26\" height=\"26\" alt=\"Cargando\"><\/div><input type=\"hidden\" name=\"trp-form-language\" value=\"es\"\/><\/form><\/div>  <!-- .wpforms-container -->\n\n\n<div style=\"height:25px\" aria-hidden=\"true\" class=\"wp-block-spacer\"><\/div>\n\n\n\n<h4 class=\"wp-block-heading\">Direcci\u00f3n postal<\/h4>\n\n\n\n<p>5900 Balcones Drive<br>STE 100<br>Austin, TX 78731<\/p>\n\n\n\n<p><\/p>","protected":false},"excerpt":{"rendered":"<p>Whether you have a question, need assistance, or want to recommend a product we don\u2019t carry yet, we\u2019re here to help. Fill out the form below, and our team will get back to you as soon as possible. Mailing Address 5900 Balcones DriveSTE 100Austin, TX 78731<\/p>","protected":false},"author":1,"featured_media":0,"parent":0,"menu_order":0,"comment_status":"closed","ping_status":"closed","template":"","meta":{"advanced_seo_description":"","jetpack_seo_html_title":"","jetpack_seo_noindex":false,"footnotes":""},"class_list":["post-6","page","type-page","status-publish","hentry"],"_links":{"self":[{"href":"https:\/\/day-2-day-goods.com\/es\/wp-json\/wp\/v2\/pages\/6","targetHints":{"allow":["GET"]}}],"collection":[{"href":"https:\/\/day-2-day-goods.com\/es\/wp-json\/wp\/v2\/pages"}],"about":[{"href":"https:\/\/day-2-day-goods.com\/es\/wp-json\/wp\/v2\/types\/page"}],"author":[{"embeddable":true,"href":"https:\/\/day-2-day-goods.com\/es\/wp-json\/wp\/v2\/users\/1"}],"replies":[{"embeddable":true,"href":"https:\/\/day-2-day-goods.com\/es\/wp-json\/wp\/v2\/comments?post=6"}],"version-history":[{"count":15,"href":"https:\/\/day-2-day-goods.com\/es\/wp-json\/wp\/v2\/pages\/6\/revisions"}],"predecessor-version":[{"id":308,"href":"https:\/\/day-2-day-goods.com\/es\/wp-json\/wp\/v2\/pages\/6\/revisions\/308"}],"wp:attachment":[{"href":"https:\/\/day-2-day-goods.com\/es\/wp-json\/wp\/v2\/media?parent=6"}],"curies":[{"name":"wp","href":"https:\/\/api.w.org\/{rel}","templated":true}]}}